{"id":666,"date":"2017-01-12T23:57:15","date_gmt":"2017-01-12T22:57:15","guid":{"rendered":"https:\/\/unairequejo.com\/expo\/?page_id=14"},"modified":"2025-12-26T00:07:39","modified_gmt":"2025-12-25T23:07:39","slug":"cv-2","status":"publish","type":"page","link":"https:\/\/www.unairequejo.com\/expo\/cv-2\/","title":{"rendered":"CV"},"content":{"rendered":"<p>UNAI REQUEJO<br \/>\n<i>Santurtzi, 1982<\/i><\/p>\n<p><b>Exposiciones individuales:<\/b><\/p>\n<p>2023<br \/>\n<i>Kabinete abstraktua<\/i> Rekalde Aretoa, Bilbao.<br \/>\n2019<br \/>\n<i>Estudiorako Gaiak.<\/i> ANTI- liburudenda, Bilbao.<br \/>\n2017<br \/>\n<i>Kristalezko Uhinak.<\/i> Petra Tatuajes, Bilbao.<br \/>\n2014<br \/>\n<i>Metala Borrokan.<\/i> Intervenciones art\u00edsticas en el Puente de Deusto, Bilbao.<br \/>\n2012<br \/>\n<i>If you don\u2019t breathe won\u2019t sting you.<\/i> Etalage. Station, Breda (Pa\u00edses Bajos).<br \/>\n2008<br \/>\n<i>Piscinas.<\/i> La taberna de los mundos, Bilbao y Vitoria-Gasteiz.<br \/>\n2005<br \/>\n<i>Desconexiones.<\/i> Espacio menosuno, Madrid.<br \/>\n2000<br \/>\n<i>Fotograf\u00eda.<\/i> Asti Leku Ikastola, Portugalete.<\/p>\n<p><b>Exposiciones colectivas:<\/b><\/p>\n<p>2025<br \/>\n<em>Residencias Art\u00edsticas Silos 2025<\/em>. Fundaci\u00f3n Silos, Hospeder\u00eda Convento de San Francisco, Santo Domingo de Silos.<br \/>\n<i>Iturfest X.<\/i> Ant-espacio, Bilbao.<br \/>\n2020<br \/>\n<i>Confi19<\/i>. Galer\u00eda Aire, Bilbao.<br \/>\n2019<br \/>\n<i>Montanha M\u00e1gica*<\/i>. Seminario Serantes, <i>laS<\/i>ia. Museu de Lanif\u00edcios, Covilh\u00e3 (Portugal).<br \/>\n<i>T\u00fa (y yo).<\/i> Galer\u00eda Aire, Bilbao.<br \/>\n2018<br \/>\n<i>C\u00f3mo exponer la investigaci\u00f3n.<\/i> Bizkaia aretoa-Paraninfo UPV\/EHU, Bilbao.<br \/>\n2016<br \/>\n<i>Iturfest.<\/i> Ant-espacio, Bilbao.<br \/>\n<i>AutoEdit II.<\/i> Centro Huarte, Huarte.<br \/>\n2015<br \/>\n<i>Interference: Color temperature<\/i>. Parkeergarage Het Turfschip, Breda (Pa\u00edses Bajos).<br \/>\n2014<br \/>\n<i>Riding to Amarillo<\/i>. Space 4 art, San Diego (California).<br \/>\n<i>California<\/i>. Bizkaia aretoa-Paraninfo UPV\/EHU, Bilbao.<br \/>\n<i>T-festa #02<\/i>. Alh\u00f3ndiga, Bilbao.<br \/>\n<i>Instantes entre el placer y el dolor<\/i>. Galer\u00eda Santaf\u00e9, Bogot\u00e1 (Colombia).<br \/>\n<i>Tixert<\/i>. Finalistas camiseta oficial de Bilbao Art District, T-festa. Sala Rekalde, Bilbao.<br \/>\n2013<br \/>\n<i>Rollo Vasco\/ Euskal Kontu<\/i>. Expotronik, Vitoria-Gasteiz, Bilbao y Donostia.<br \/>\n<i>Picnic Sessions<\/i>. Centro de Arte 2 de Mayo, M\u00f3stoles (Madrid).<br \/>\n<i>Art Ja\u00e9n<\/i>. Museo Provincial de Ja\u00e9n, Ja\u00e9n.<br \/>\n2012<br \/>\n<i>Juegos Reunidos<\/i>. Espacio Trap\u00e9zio, Madrid.<br \/>\n<i>Inmersiones2012<\/i>. Exposici\u00f3n de dossieres. Zuloa, Vitoria-Gasteiz.<br \/>\n<i>Txina da<\/i>. Bizkaia aretoa-Paraninfo UPV\/EHU, Bilbao.<br \/>\n<i>T-festa<\/i>. Alh\u00f3ndiga, Bilbao.<br \/>\n<i>\u00a1V\u00e1monos a China!<\/i> Instituto Cervantes de Pek\u00edn (China).<br \/>\n<i>\u00a1V\u00e1monos a China!<\/i> EGG gallery, Beijing (China).<br \/>\n<i>&#8220;Best of&#8221; dal Festival Proyector<\/i>. [.box], Milano (Italia).<br \/>\n2011<br \/>\n<i>Oroitzapen<\/i>. Cuaderno de notas. Artium, Vitoria-Gasteiz.<br \/>\n<i>Carne Fresca<\/i>. Junto con Usune Bravo. Espacio menosuno, Madrid.<br \/>\n<i>ErtibilBizkaia2011<\/i>. Sala Rekalde, Bilbao. Itinerante.<br \/>\n<i>Mamajuju<\/i>. Espacio menosuno, Madrid.<br \/>\n<i>Pluma de ganso<\/i>. Sala Araba, Vitoria-Gasteiz.<br \/>\n2010<br \/>\n<i>VAFA 2010<\/i>. Casa Garden-Orient Foundation, AFA, Macau.<br \/>\n<i>In-sonora VI<\/i>. Off Limits, Madrid.<br \/>\n<i>Inutil<\/i>. Espacio menosuno, Madrid.<br \/>\n<i>Pelos de vaca<\/i>. MA Studio, Beijing (China).<br \/>\n2009<br \/>\n<i>Saout meeting<\/i>. INBA\/ Institut Fran\u00e7ais, T\u00e9touan (Marruecos).<br \/>\n<i>Inmersiones09<\/i>. Sala Amarika, Vitoria-Gasteiz.<br \/>\n<i>Blindemuur<\/i>. Chass\u00e9 Cinema, Breda (Pa\u00edses Bajos).<br \/>\n<i>Luna Krea<\/i>. Videoclips al aire libre. Plaza de los Fueros, Vitoria-Gasteiz.<br \/>\n<i>En:countering<\/i>. Stadsgalerij, Breda (Pa\u00edses Bajos).<br \/>\n<i>Desastres cotidianos<\/i>. Espacio menosuno, Madrid.<br \/>\n2008<br \/>\n<i>Paesaggi nel tempo<\/i>. Cantieri Culturali alla Zisa, Palermo (Italia).<br \/>\n<i>Insonora IV<\/i>. Off Limits, Madrid.<br \/>\n<i>Ad Hoc #49<\/i>. Suplemento cultural Mugalari, peri\u00f3dico Gara.<br \/>\n<i>DVD project<\/i>. Breda (Electr\u00f3n), M\u00e9xico DF (ExTeresa Arte Actual), Oporto (Maus H\u00e1bitos), Gran Canaria (Espacio Digital), Lisboa (F\u00e1brica Bra\u00e7o de Prata).<br \/>\n<i>Bordil\u00edneos<\/i>. LaTejedoraCCEC y ACA en Patio Maravillas, Madrid. Oporto, Espa\u00e7o Jup. Con Adrede y Aposta.<br \/>\n<i>Copyzine Bilbao<\/i>. Comisariado de Colectivo Damas. Espacio Abisal, Bilbao.<br \/>\n2007<br \/>\n<i>Bordil\u00edneos<\/i>. LaTejedoraCCEC y ACA en Valencia. Con Adrede y Aposta.<br \/>\n<i>Getxoarte2007<\/i>. Getxo (Bizkaia).<br \/>\n<i>20\u00aa Exposici\u00f3n Audiovisual<\/i>. Bellas Artes, UPV\/EHU, en la sala BBVA, Bilbao.<br \/>\n<i>Alcine 37<\/i>, Festival de Cine de Alcal\u00e1 de Henares (Madrid).<br \/>\n<i>Animadrid &#8217;07<\/i>. Egurrezko trena en el ciclo &#8220;Toy story: juguetes animados&#8221;.<br \/>\n<i>ADREDE Y APOSTA (2)<\/i>. Con Jorge N\u00fa\u00f1ez. Espacio menos1, Madrid.<br \/>\n<i>DVD project<\/i>. Muestra internacional de videoarte organizada por stichting Idee-fixe de Breda (Pa\u00edses Bajos). Barcelona (festival Loop), Madrid (menos1).<br \/>\n2006<br \/>\n<i>Turismo! Turismo! Turismo!<\/i> Comisario y participante. Espacio menosuno, Madrid.<br \/>\n<i>Enviado por correo\/Sent by Post<\/i>. Comisario y participante. 16 artistas internacionales. Itinerante: Santurtzi, Breda, Bristol.<br \/>\n<i>Memoria de lo habitado<\/i>. Colectivo menosuno. Espacio menosuno, Madrid.<br \/>\n2005<br \/>\n<i>Lo Min\u00fasculo<\/i>. Espacio menosuno, Madrid.<br \/>\n<i>Procesos<\/i>. Colectivo menosuno. Espacio menosuno, Madrid.<br \/>\n2004<br \/>\n<i>ADREDE Y APOSTA<\/i>. Con Jorge N\u00fa\u00f1ez. Casa Torre, Santurtzi.<br \/>\n<i>17\u00aa Exposici\u00f3n Audiovisual<\/i>. Bellas Artes, UPV\/EHU, en la sala BBVA, Bilbao.<br \/>\n<i>Instantes<\/i>. Colectivo menosuno. Casa de cultura Carmen Conde, Majadahonda.<br \/>\n2003<br \/>\n<i>16\u00aa Exposici\u00f3n Audiovisual<\/i>. Bellas Artes, UPV\/EHU, en la sala BBVA, Bilbao.<\/p>\n<p><b>Premios y becas:<\/b><br \/>\n2025<br \/>\n<em>Residencias Artisticas Silos<\/em>, Convento de San Francisco, organizada por Fundaci\u00f3n Silos, Santo Domingo de Silos.<br \/>\n2014<br \/>\nAyuda del Instituto Etxepare para la Promoci\u00f3n de las Artes Pl\u00e1sticas y Visuales.<br \/>\n2011<br \/>\n2\u00ba Premio Ertibil-Bizkaia2011 junto a Miriam Isasi.<br \/>\n2010<br \/>\nGoazen Txinara. Residencia en el MA Studio de Beijing. Organizada por la UPV\/EHU.<br \/>\n2008<br \/>\nConcurso de videoclips Bike 2.0 BBK.<br \/>\n2007<br \/>\nHamburguesa Vegetal: Primer premio de Nuevas tendencias en el 19 Villa de Bilbao.<br \/>\n2006<br \/>\nFinalista en el Certamen de Cortos Caja Madrid 2006. Animaci\u00f3n seleccionada para proyectarse en La Casa Encendida.<br \/>\n2005<br \/>\nConcurso de carteles <i>&#8220;Bilbao Aste Nagusia 2005&#8221;<\/i> en colaboraci\u00f3n con Adur Larrea.<br \/>\n2002<br \/>\nConcurso de carteles <i>&#8220;30 aniversario del campus de Leioa&#8221;<\/i>, organizado por la UPV\/EHU.<br \/>\n1999<br \/>\nPrimer premio en la modalidad de tema libre, en el XVI. Mari Karmen Alzueta saria (fotograf\u00eda), Liceo Santo Tom\u00e1s de Donostia.<br \/>\n1997<br \/>\nPrimer premio, en el II. Certamen de fotograf\u00eda del Club Gaztedi BBK.<\/p>\n<p><b>Estudios:<\/b><br \/>\n2016<br \/>\nDoctor en Bellas Artes UPV\/EHU<br \/>\n2009<br \/>\nDiploma de Estudios Avanzados. UPV\/EHU<br \/>\n2008<br \/>\nBeca de formaci\u00f3n de personal investigador de la UPV\/EHU<br \/>\n2000-2005<br \/>\nLicenciatura de Bellas Artes. UPV\/EHU<br \/>\n2005<br \/>\nBeca Erasmus en Bristol. University of the West of England. Bristol School of Art, Media and Design.<br \/>\nCAP. Certificado de Aptitud Pedag\u00f3gica. UPV\/EHU<br \/>\n2010<br \/>\n\u201cEnredado: Rob\u00f3tica f\u00e1cil con Lego Mindstorms\u201d Cursos de Verano, UNED, A Coru\u00f1a<br \/>\n2008<br \/>\n\u201cNuevas estrategias documentales: pantalla y espacio\u201d Impartido por Jacobo Sucari. Zinebi y Espacio Abisal.<br \/>\n\u201cTouch: Interfaces Tangibles\u201d Impartido por Martin Kaltenbrunner y Alex Posada. Laboral Centro de Arte y Creaci\u00f3n Industrial, Gij\u00f3n.<br \/>\n2001<br \/>\nCurso \u201cEl agujero digital: Taller de est\u00e9tica fotogr\u00e1fica\u201d dirigido por Luis Izquierdo-Mosso. Bilbao arte.<\/p>\n","protected":false},"excerpt":{"rendered":"<p>UNAI REQUEJO Santurtzi, 1982 Exposiciones individuales: 2023 Kabinete abstraktua Rekalde Aretoa, Bilbao. 2019 Estudiorako Gaiak. ANTI- liburudenda, Bilbao. 2017 Kristalezko Uhinak. Petra Tatuajes, Bilbao. 2014 Metala Borrokan. Intervenciones art\u00edsticas en el Puente de Deusto, Bilbao. 2012 If you don\u2019t breathe won\u2019t sting you. Etalage. Station, Breda (Pa\u00edses Bajos). 2008 Piscinas. La taberna de los mundos, [&hellip;]<\/p>\n","protected":false},"author":2,"featured_media":0,"parent":0,"menu_order":0,"comment_status":"closed","ping_status":"closed","template":"","meta":{"footnotes":""},"class_list":["post-666","page","type-page","status-publish","hentry","missing-thumbnail"],"jetpack_sharing_enabled":true,"_links":{"self":[{"href":"https:\/\/www.unairequejo.com\/expo\/wp-json\/wp\/v2\/pages\/666","targetHints":{"allow":["GET"]}}],"collection":[{"href":"https:\/\/www.unairequejo.com\/expo\/wp-json\/wp\/v2\/pages"}],"about":[{"href":"https:\/\/www.unairequejo.com\/expo\/wp-json\/wp\/v2\/types\/page"}],"author":[{"embeddable":true,"href":"https:\/\/www.unairequejo.com\/expo\/wp-json\/wp\/v2\/users\/2"}],"replies":[{"embeddable":true,"href":"https:\/\/www.unairequejo.com\/expo\/wp-json\/wp\/v2\/comments?post=666"}],"version-history":[{"count":2,"href":"https:\/\/www.unairequejo.com\/expo\/wp-json\/wp\/v2\/pages\/666\/revisions"}],"predecessor-version":[{"id":787,"href":"https:\/\/www.unairequejo.com\/expo\/wp-json\/wp\/v2\/pages\/666\/revisions\/787"}],"wp:attachment":[{"href":"https:\/\/www.unairequejo.com\/expo\/wp-json\/wp\/v2\/media?parent=666"}],"curies":[{"name":"wp","href":"https:\/\/api.w.org\/{rel}","templated":true}]}}