{"id":417,"date":"2016-05-21T13:27:16","date_gmt":"2016-05-21T11:27:16","guid":{"rendered":"http:\/\/www.unairequejo.com\/blog\/?page_id=417"},"modified":"2016-05-21T14:47:04","modified_gmt":"2016-05-21T12:47:04","slug":"los-videos-de-la-tesis","status":"publish","type":"page","link":"https:\/\/www.unairequejo.com\/blog\/los-videos-de-la-tesis\/","title":{"rendered":"Los v\u00eddeos de la tesis"},"content":{"rendered":"<p>Parte de la experimentaci\u00f3n y documentaci\u00f3n de la tesis ha sido mediante la elaboraci\u00f3n de 10 v\u00eddeos. Aqu\u00ed va una selecci\u00f3n:<\/p>\n<p><iframe loading=\"lazy\" width=\"474\" height=\"267\" src=\"https:\/\/www.youtube.com\/embed\/283cijM2k4A?feature=oembed\" frameborder=\"0\" allowfullscreen><\/iframe><\/p>\n<p><em>30km<\/em>: Documental sobre maquetismo ferroviario grabado en un encuentro modular de escala N<\/p>\n<p>&nbsp;<\/p>\n<p><iframe loading=\"lazy\" width=\"474\" height=\"267\" src=\"https:\/\/www.youtube.com\/embed\/Qmnqug9S__I?feature=oembed\" frameborder=\"0\" allowfullscreen><\/iframe><\/p>\n<p><em>Arena 1:32<\/em> grabado en el Bilboko Slot Kluba, es un documental sobre la afici\u00f3n a los coches de slot.<\/p>\n<p>&nbsp;<\/p>\n<p><iframe loading=\"lazy\" width=\"474\" height=\"267\" src=\"https:\/\/www.youtube.com\/embed\/IZGZfRUqCPQ?feature=oembed\" frameborder=\"0\" allowfullscreen><\/iframe><\/p>\n<p><em>Pierre Bastien<\/em> es un m\u00fasico al que admiro que entrevist\u00e9 para este v\u00eddeo, incluyendo partes del concierto que ofreci\u00f3 en Bilbao, as\u00ed como documentaci\u00f3n de sus instalaciones.<\/p>\n<p>&nbsp;<\/p>\n<p><iframe loading=\"lazy\" width=\"474\" height=\"267\" src=\"https:\/\/www.youtube.com\/embed\/ePnztf4gHU4?feature=oembed\" frameborder=\"0\" allowfullscreen><\/iframe><\/p>\n<p><em>Weiqi en las aulas<\/em><em>:<\/em> reportaje grabado en una escuela de Weiqi-Go de Beijing.<\/p>\n<p>&nbsp;<\/p>\n<p><iframe loading=\"lazy\" width=\"474\" height=\"267\" src=\"https:\/\/www.youtube.com\/embed\/_BN0aDD4rTg?feature=oembed\" frameborder=\"0\" allowfullscreen><\/iframe><\/p>\n<p><em>Tierra: Lego<\/em>\u00a0 M\u00fasica: Guillermo Balzola (Tierra), videoclip con el que obrtuve el premio del concurso Bike 2.0 BBK<\/p>\n<p>&nbsp;<\/p>\n<p><iframe loading=\"lazy\" width=\"474\" height=\"356\" src=\"https:\/\/www.youtube.com\/embed\/aoRtLqSwzpw?feature=oembed\" frameborder=\"0\" allowfullscreen><\/iframe><\/p>\n<p><em>Martill\u00f3fono<\/em>: documentaci\u00f3n de la instalaci\u00f3n sonora\/instrumento cuando fue expuesta por primera vez en la XX. Exposici\u00f3n Audiovisual, BBAA. Sala BBVA, Bilbao, 2007<\/p>\n<p>&nbsp;<\/p>\n<p><iframe loading=\"lazy\" width=\"474\" height=\"356\" src=\"https:\/\/www.youtube.com\/embed\/-Dc3E-2m4fU?feature=oembed\" frameborder=\"0\" allowfullscreen><\/iframe><\/p>\n<p><em>Fotos t\u00edpicas<\/em>: Instalaci\u00f3n fotogr\u00e1fica a partir de c\u00e1maras de souvenir y discos filmados en diapositiva.<\/p>\n<p>El resto de los v\u00eddeos, bien sea por derechos de imagen o porque eran experimentos, propuestas de ejercicios en los que diferentes artistas creaban (en improvisaci\u00f3n a veces colectiva), lamentablemente no estar\u00e1n disponibles online.<\/p>\n","protected":false},"excerpt":{"rendered":"<p>Parte de la experimentaci\u00f3n y documentaci\u00f3n de la tesis ha sido mediante la elaboraci\u00f3n de 10 v\u00eddeos. Aqu\u00ed va una selecci\u00f3n: 30km: Documental sobre maquetismo ferroviario grabado en un encuentro modular de escala N &nbsp; Arena 1:32 grabado en el Bilboko Slot Kluba, es un documental sobre la afici\u00f3n a los coches de slot. &nbsp; &hellip; <a href=\"https:\/\/www.unairequejo.com\/blog\/los-videos-de-la-tesis\/\" class=\"more-link\">Seguir leyendo <span class=\"screen-reader-text\">Los v\u00eddeos de la tesis<\/span> <span class=\"meta-nav\">&rarr;<\/span><\/a><\/p>\n","protected":false},"author":1,"featured_media":0,"parent":0,"menu_order":2,"comment_status":"closed","ping_status":"closed","template":"","meta":[],"_links":{"self":[{"href":"https:\/\/www.unairequejo.com\/blog\/wp-json\/wp\/v2\/pages\/417"}],"collection":[{"href":"https:\/\/www.unairequejo.com\/blog\/wp-json\/wp\/v2\/pages"}],"about":[{"href":"https:\/\/www.unairequejo.com\/blog\/wp-json\/wp\/v2\/types\/page"}],"author":[{"embeddable":true,"href":"https:\/\/www.unairequejo.com\/blog\/wp-json\/wp\/v2\/users\/1"}],"replies":[{"embeddable":true,"href":"https:\/\/www.unairequejo.com\/blog\/wp-json\/wp\/v2\/comments?post=417"}],"version-history":[{"count":3,"href":"https:\/\/www.unairequejo.com\/blog\/wp-json\/wp\/v2\/pages\/417\/revisions"}],"predecessor-version":[{"id":423,"href":"https:\/\/www.unairequejo.com\/blog\/wp-json\/wp\/v2\/pages\/417\/revisions\/423"}],"wp:attachment":[{"href":"https:\/\/www.unairequejo.com\/blog\/wp-json\/wp\/v2\/media?parent=417"}],"curies":[{"name":"wp","href":"https:\/\/api.w.org\/{rel}","templated":true}]}}