{"id":33,"date":"2008-01-11T03:26:52","date_gmt":"2008-01-11T01:26:52","guid":{"rendered":"http:\/\/www.unairequejo.com\/blog\/recortables\/"},"modified":"2011-05-13T14:12:00","modified_gmt":"2011-05-13T12:12:00","slug":"recortables","status":"publish","type":"page","link":"https:\/\/www.unairequejo.com\/blog\/recortables\/","title":{"rendered":"Recortables"},"content":{"rendered":"<table border=\"0\" cellspacing=\"0\" cellpadding=\"0\" width=\"452\">\n<tbody>\n<tr>\n<td width=\"14\" height=\"1\"><img loading=\"lazy\" src=\"http:\/\/www.unairequejo.com\/recortables\/spacer.gif\" border=\"0\" alt=\"\" width=\"14\" height=\"1\" \/><\/td>\n<td width=\"200\"><img loading=\"lazy\" src=\"http:\/\/www.unairequejo.com\/recortables\/spacer.gif\" border=\"0\" alt=\"\" width=\"200\" height=\"1\" \/><\/td>\n<td width=\"14\"><img loading=\"lazy\" src=\"http:\/\/www.unairequejo.com\/recortables\/spacer.gif\" border=\"0\" alt=\"\" width=\"14\" height=\"1\" \/><\/td>\n<td width=\"209\"><img loading=\"lazy\" src=\"http:\/\/www.unairequejo.com\/recortables\/spacer.gif\" border=\"0\" alt=\"\" width=\"209\" height=\"1\" \/><\/td>\n<td width=\"13\"><img loading=\"lazy\" src=\"http:\/\/www.unairequejo.com\/recortables\/spacer.gif\" border=\"0\" alt=\"\" width=\"13\" height=\"1\" \/><\/td>\n<td width=\"1\"><img loading=\"lazy\" src=\"http:\/\/www.unairequejo.com\/recortables\/spacer.gif\" border=\"0\" alt=\"\" width=\"1\" height=\"1\" \/><\/td>\n<td width=\"1\"><\/td>\n<\/tr>\n<tr>\n<td rowspan=\"3\" valign=\"top\" bgcolor=\"#ffffff\"><\/td>\n<td colspan=\"4\" height=\"97\"><img loading=\"lazy\" src=\"http:\/\/www.unairequejo.com\/recortables\/webrecortablesfi_r1_c2.gif\" border=\"0\" alt=\"\" width=\"436\" height=\"97\" \/><\/td>\n<td><img loading=\"lazy\" src=\"spacer.gif\" border=\"0\" alt=\"\" width=\"1\" height=\"97\" \/><\/td>\n<td><\/td>\n<\/tr>\n<tr>\n<td colspan=\"4\" height=\"9\" valign=\"top\"><img loading=\"lazy\" src=\"http:\/\/www.unairequejo.com\/recortables\/spacer.gif\" alt=\"\" width=\"200\" height=\"3\" \/><\/td>\n<td rowspan=\"3\"><img loading=\"lazy\" src=\"spacer.gif\" border=\"0\" alt=\"\" width=\"1\" height=\"27\" \/><\/td>\n<td rowspan=\"3\"><\/td>\n<\/tr>\n<tr>\n<td colspan=\"4\" height=\"9\" valign=\"top\"><span style=\"color: #000000; font-family: Helvetica,Arial,Geneva; font-size: small;\">Si quieres ser un videoartista vasco&#8230; ahora lo tienes a tu alcance! construye tus propios modelos, y l\u00e1nzate a las apasionantes aventuras de la animaci\u00f3n, videoinstalaci\u00f3n o videoperformance. Es muy divertido!<\/span><\/td>\n<\/tr>\n<tr>\n<td colspan=\"5\" height=\"14\"><img loading=\"lazy\" src=\"http:\/\/www.unairequejo.com\/recortables\/webrecortablesfi_r2_c1.gif\" border=\"0\" alt=\"\" width=\"450\" height=\"27\" \/><\/td>\n<\/tr>\n<tr>\n<td rowspan=\"6\" valign=\"top\" bgcolor=\"#ffffff\"><\/td>\n<td rowspan=\"6\" valign=\"top\"><img loading=\"lazy\" src=\"http:\/\/www.unairequejo.com\/recortables\/cochefoto01.gif\" border=\"0\" alt=\"\" width=\"200\" height=\"200\" \/><\/td>\n<td rowspan=\"6\" valign=\"top\" bgcolor=\"#ffffff\"><\/td>\n<td height=\"18\" valign=\"top\" bgcolor=\"#ffffff\"><\/td>\n<td rowspan=\"6\" valign=\"top\" bgcolor=\"#ffffff\"><\/td>\n<td><img loading=\"lazy\" src=\"spacer.gif\" border=\"0\" alt=\"\" width=\"1\" height=\"14\" \/><\/td>\n<td><\/td>\n<\/tr>\n<tr>\n<td rowspan=\"2\" valign=\"bottom\" bgcolor=\"#ffffff\"><span style=\"color: #000000; font-family: Helvetica,Arial,Geneva; font-size: medium;\"><strong>#01<\/strong><\/span><span style=\"color: #000000; font-family: Helvetica,Arial,Geneva; font-size: medium;\"><strong><br \/>\nCOCHE<\/strong><\/span><\/td>\n<td height=\"60\"><img loading=\"lazy\" src=\"http:\/\/www.unairequejo.com\/recortables\/spacer.gif\" border=\"0\" alt=\"\" width=\"1\" height=\"60\" \/><\/td>\n<td><\/td>\n<\/tr>\n<tr>\n<td rowspan=\"3\"><img loading=\"lazy\" src=\"http:\/\/www.unairequejo.com\/recortables\/spacer.gif\" border=\"0\" alt=\"\" width=\"1\" height=\"112\" \/><\/td>\n<td height=\"12\"><\/td>\n<\/tr>\n<tr>\n<td height=\"92\" valign=\"middle\" bgcolor=\"#ffffff\"><a href=\"http:\/\/www.unairequejo.com\/recortables\/01-coche.pdf\" target=\"_blank\"><span style=\"color: #000000; font-family: Helvetica,Arial,Geneva; font-size: small;\">Descargar<br \/>\nen PDF<\/span><\/a>&nbsp;<\/p>\n<p><span style=\"color: #000000; font-family: Helvetica,Arial,Geneva; font-size: small;\"><a href=\"http:\/\/www.unairequejo.com\/recortables\/coche01.jpg\" target=\"_blank\">Foto1<\/a><br \/>\n<a href=\"http:\/\/www.unairequejo.com\/recortables\/coche02.jpg\" target=\"_blank\">Foto2<\/a><\/span><\/td>\n<td><\/td>\n<\/tr>\n<tr>\n<td rowspan=\"2\" valign=\"top\" bgcolor=\"#ffffff\"><\/td>\n<td height=\"8\"><\/td>\n<\/tr>\n<tr>\n<td rowspan=\"2\"><img loading=\"lazy\" src=\"http:\/\/www.unairequejo.com\/recortables\/spacer.gif\" border=\"0\" alt=\"\" width=\"1\" height=\"14\" \/><\/td>\n<td height=\"10\"><\/td>\n<\/tr>\n<tr>\n<td colspan=\"5\" rowspan=\"2\" valign=\"top\"><img loading=\"lazy\" src=\"http:\/\/www.unairequejo.com\/recortables\/webrecortablesfi_r2_c1.gif\" border=\"0\" alt=\"\" width=\"450\" height=\"27\" \/><\/td>\n<td height=\"8\"><\/td>\n<\/tr>\n<tr>\n<td rowspan=\"2\"><img loading=\"lazy\" src=\"http:\/\/www.unairequejo.com\/recortables\/spacer.gif\" border=\"0\" alt=\"\" width=\"1\" height=\"27\" \/><\/td>\n<td height=\"19\"><\/td>\n<\/tr>\n<tr>\n<td rowspan=\"5\" valign=\"top\" bgcolor=\"#ffffff\"><\/td>\n<td rowspan=\"5\" valign=\"top\"><img loading=\"lazy\" src=\"http:\/\/www.unairequejo.com\/recortables\/proyeccionfoto01.gif\" border=\"0\" alt=\"\" width=\"200\" height=\"200\" \/><\/td>\n<td rowspan=\"5\" valign=\"top\" bgcolor=\"#ffffff\"><\/td>\n<td rowspan=\"2\" valign=\"top\" bgcolor=\"#ffffff\"><\/td>\n<td rowspan=\"5\" valign=\"top\" bgcolor=\"#ffffff\"><\/td>\n<td height=\"8\"><\/td>\n<\/tr>\n<tr>\n<td rowspan=\"16\"><img loading=\"lazy\" src=\"http:\/\/www.unairequejo.com\/recortables\/spacer.gif\" border=\"0\" alt=\"\" width=\"1\" height=\"47\" \/><\/td>\n<td height=\"10\"><\/td>\n<\/tr>\n<tr>\n<td height=\"72\" valign=\"bottom\" bgcolor=\"#ffffff\"><span style=\"color: #000000; font-family: Helvetica,Arial,Geneva; font-size: medium;\"><strong>#02<br \/>\nVIDEOPROYECCI\u00d3N<\/strong><\/span><\/td>\n<td><\/td>\n<\/tr>\n<tr>\n<td height=\"92\" valign=\"middle\" bgcolor=\"#ffffff\"><a href=\"http:\/\/www.unairequejo.com\/recortables\/02-proyeccion.pdf\" target=\"_blank\"><span style=\"color: #000000; font-family: Helvetica,Arial,Geneva; font-size: small;\">Descargar<br \/>\nen PDF<\/span><\/a>&nbsp;<\/p>\n<p><span style=\"color: #000000; font-family: Helvetica,Arial,Geneva; font-size: small;\"><a href=\"http:\/\/www.unairequejo.com\/recortables\/proyeccion01.jpg\" target=\"_blank\">Foto1<\/a><br \/>\n<a href=\"http:\/\/www.unairequejo.com\/recortables\/proyeccion02.jpg\" target=\"_blank\">Foto2<\/a><\/span><\/td>\n<td><\/td>\n<\/tr>\n<tr>\n<td height=\"18\" valign=\"top\" bgcolor=\"#ffffff\"><\/td>\n<td><\/td>\n<\/tr>\n<tr>\n<td colspan=\"5\" height=\"18\" valign=\"top\"><img loading=\"lazy\" src=\"http:\/\/www.unairequejo.com\/recortables\/webrecortablesfi_r2_c1.gif\" border=\"0\" alt=\"\" width=\"450\" height=\"27\" \/><\/td>\n<td rowspan=\"3\"><\/td>\n<\/tr>\n<tr>\n<td rowspan=\"4\" valign=\"top\"><!--DWLayoutEmptyCell--><\/td>\n<td rowspan=\"4\" valign=\"top\"><img loading=\"lazy\" src=\"http:\/\/www.unairequejo.com\/recortables\/carrocerofoto01.gif\" border=\"0\" alt=\"\" width=\"200\" height=\"200\" \/><\/td>\n<td rowspan=\"4\" valign=\"top\"><!--DWLayoutEmptyCell--><\/td>\n<td height=\"18\" valign=\"top\"><!--DWLayoutEmptyCell--><\/td>\n<td rowspan=\"4\" valign=\"top\"><!--DWLayoutEmptyCell--><\/td>\n<\/tr>\n<tr>\n<td height=\"72\" valign=\"bottom\" bgcolor=\"#ffffff\"><span style=\"color: #000000; font-family: Helvetica,Arial,Geneva; font-size: medium;\"><strong>#03<br \/>\nCINTA DE CARROCERO<\/strong><\/span><\/td>\n<\/tr>\n<tr>\n<td height=\"92\" valign=\"middle\"><a href=\"http:\/\/www.unairequejo.com\/recortables\/03-cintadecarrocero.pdf\" target=\"_blank\"><span style=\"color: #000000; font-family: Helvetica,Arial,Geneva; font-size: small;\">Descargar<br \/>\nen PDF<\/span><\/a><\/td>\n<td><\/td>\n<\/tr>\n<tr>\n<td height=\"18\" valign=\"top\"><!--DWLayoutEmptyCell--><\/td>\n<td><\/td>\n<\/tr>\n<tr>\n<td colspan=\"5\" height=\"18\" valign=\"top\"><img loading=\"lazy\" src=\"http:\/\/www.unairequejo.com\/recortables\/webrecortablesfi_r2_c1.gif\" border=\"0\" alt=\"\" width=\"450\" height=\"27\" \/><\/td>\n<td><\/td>\n<\/tr>\n<tr>\n<td rowspan=\"4\" valign=\"top\"><!--DWLayoutEmptyCell--><\/td>\n<td rowspan=\"4\"><img loading=\"lazy\" src=\"http:\/\/www.unairequejo.com\/recortables\/mascarafoto01.gif\" border=\"0\" alt=\"\" width=\"200\" height=\"200\" \/><\/td>\n<td rowspan=\"4\" valign=\"top\"><!--DWLayoutEmptyCell--><\/td>\n<td height=\"18\" valign=\"top\"><!--DWLayoutEmptyCell--><\/td>\n<td rowspan=\"4\" valign=\"top\"><!--DWLayoutEmptyCell--><\/td>\n<td rowspan=\"3\"><\/td>\n<\/tr>\n<tr>\n<td height=\"72\" valign=\"bottom\" bgcolor=\"#ffffff\"><span style=\"color: #000000; font-family: Helvetica,Arial,Geneva; font-size: medium;\"><strong>#04<br \/>\nM\u00c1SCARA DE<br \/>\nLUCHA LIBRE<\/strong><\/span><\/td>\n<\/tr>\n<tr>\n<td height=\"92\" valign=\"middle\"><a href=\"http:\/\/www.unairequejo.com\/recortables\/04-mascara.pdf\" target=\"_blank\"><span style=\"color: #000000; font-family: Helvetica,Arial,Geneva; font-size: small;\">Descargar<br \/>\nen PDF<\/span><\/a><\/td>\n<\/tr>\n<tr>\n<td height=\"18\" valign=\"top\"><!--DWLayoutEmptyCell--><\/td>\n<td><\/td>\n<\/tr>\n<tr>\n<td colspan=\"5\" height=\"13\"><img loading=\"lazy\" src=\"http:\/\/www.unairequejo.com\/recortables\/webrecortablesfi_r2_c1.gif\" border=\"0\" alt=\"\" width=\"450\" height=\"27\" \/><\/td>\n<td rowspan=\"2\"><\/td>\n<\/tr>\n<tr>\n<td colspan=\"5\" height=\"18\" valign=\"top\">\n<div><a href=\"http:\/\/www.unairequejo.com\"><span style=\"color: #000000; font-family: Helvetica,Arial,Geneva; font-size: small;\"><strong>www.unairequejo.com<\/strong><\/span><\/a><\/div>\n<\/td>\n<\/tr>\n<tr>\n<td height=\"0\"><\/td>\n<td><\/td>\n<td><\/td>\n<td><\/td>\n<td><\/td>\n<td><\/td>\n<td><\/td>\n<\/tr>\n<p><!--DWLayoutTable--><br \/>\n<!-- fwtable fwsrc=\"webrecortablesfireworks.png\" fwbase=\"webrecortablesfireworks.gif\" fwstyle=\"Dreamweaver\" fwdocid = \"742308039\" fwnested=\"0\" --><\/tbody>\n<\/table>\n","protected":false},"excerpt":{"rendered":"<p>Si quieres ser un videoartista vasco&#8230; ahora lo tienes a tu alcance! construye tus propios modelos, y l\u00e1nzate a las apasionantes aventuras de la animaci\u00f3n, videoinstalaci\u00f3n o videoperformance. Es muy divertido! #01 COCHE Descargar en PDF&nbsp; Foto1 Foto2 #02 VIDEOPROYECCI\u00d3N Descargar en PDF&nbsp; Foto1 Foto2 #03 CINTA DE CARROCERO Descargar en PDF #04 M\u00c1SCARA DE &hellip; <a href=\"https:\/\/www.unairequejo.com\/blog\/recortables\/\" class=\"more-link\">Seguir leyendo <span class=\"screen-reader-text\">Recortables<\/span> <span class=\"meta-nav\">&rarr;<\/span><\/a><\/p>\n","protected":false},"author":1,"featured_media":0,"parent":0,"menu_order":3,"comment_status":"open","ping_status":"open","template":"","meta":[],"_links":{"self":[{"href":"https:\/\/www.unairequejo.com\/blog\/wp-json\/wp\/v2\/pages\/33"}],"collection":[{"href":"https:\/\/www.unairequejo.com\/blog\/wp-json\/wp\/v2\/pages"}],"about":[{"href":"https:\/\/www.unairequejo.com\/blog\/wp-json\/wp\/v2\/types\/page"}],"author":[{"embeddable":true,"href":"https:\/\/www.unairequejo.com\/blog\/wp-json\/wp\/v2\/users\/1"}],"replies":[{"embeddable":true,"href":"https:\/\/www.unairequejo.com\/blog\/wp-json\/wp\/v2\/comments?post=33"}],"version-history":[{"count":2,"href":"https:\/\/www.unairequejo.com\/blog\/wp-json\/wp\/v2\/pages\/33\/revisions"}],"predecessor-version":[{"id":282,"href":"https:\/\/www.unairequejo.com\/blog\/wp-json\/wp\/v2\/pages\/33\/revisions\/282"}],"wp:attachment":[{"href":"https:\/\/www.unairequejo.com\/blog\/wp-json\/wp\/v2\/media?parent=33"}],"curies":[{"name":"wp","href":"https:\/\/api.w.org\/{rel}","templated":true}]}}