{"id":18,"date":"2008-03-21T23:27:14","date_gmt":"2008-03-21T21:27:14","guid":{"rendered":"http:\/\/www.unairequejo.com\/blog\/proyecto-del-martillofono\/"},"modified":"2011-05-13T14:10:46","modified_gmt":"2011-05-13T12:10:46","slug":"proyecto-del-martillofono","status":"publish","type":"page","link":"https:\/\/www.unairequejo.com\/blog\/proyecto-del-martillofono\/","title":{"rendered":"Proyecto del Martill\u00f3fono"},"content":{"rendered":"<p>El proyecto comenz\u00f3 buscando <strong>un sonido<\/strong> de tr\u00e9molo sobre teclas de percusi\u00f3n crom\u00e1tica y que tuviese <strong>una disposici\u00f3n de las notas<\/strong> no convencional, dificil para melodias pero intuitiva. (Al final, para este proyecto, tuve que renunciar a esa disposici\u00f3n de notas, aunque sigo experimentando con varios sistemas.)<\/p>\n<p>Para las dos cuestiones, sonido y disposicion de las notas, la soluci\u00f3n inicial fue <strong>mediante electr\u00f3nica<\/strong>: 8 motores el\u00e9ctricos, uno por nota, y otros tantos botones (push to make) para cerrar cada parte del circuito en paralelo:<\/p>\n<p><img src=\"http:\/\/www.unairequejo.com\/blog\/wp-content\/uploads\/2007\/11\/circuito.jpg\" alt=\"circuito inicial\" \/><\/p>\n<p>Un <strong>potenciometro<\/strong> (resistencia variable) en un extremo del circuito, servir\u00eda para controlar la velocidad de los motores. La complicaci\u00f3n del mecanismo unido a cada motor (para convertir el movimiento giratorio en lineal) y el alto coste hicieron desechar la idea. Adem\u00e1s se necesitar\u00edan engranajes reductores para ralentizar el giro de cada motor porque al bajar el voltaje pierde fuerza.<\/p>\n<p><img src=\"http:\/\/www.unairequejo.com\/blog\/wp-content\/uploads\/2007\/12\/211_1136prototipos.jpg\" alt=\"prototipos\" \/><br \/>\n<em>Movimiento giratorio en lineal: hicimos estos dos prototipos en lego.<\/em><\/p>\n<p>Una posibilidad para este circuito hubiese sido hacerlo en corriente alterna y utilizar <strong>timbres<\/strong> como los de las puertas. Los timbres ya est\u00e1n preparados para golpear teclas de metal\u00f3fono, pero los que encontramos solo dan un golpe, al contrario de lo que pens\u00e1bamos; dar golpes constantemente mientras reciben electricidad.<\/p>\n<p>Pasamos a un sistema que funcione a trav\u00e9s de mec\u00e1nica: El instrumento de juguete construido con el sistema Lego technic.<\/p>\n<p><object width=\"425\" height=\"355\"><param name=\"movie\" value=\"http:\/\/www.youtube.com\/v\/aoRtLqSwzpw&amp;hl=es\" \/><param name=\"wmode\" value=\"transparent\" \/><embed type=\"application\/x-shockwave-flash\" width=\"425\" height=\"355\" src=\"http:\/\/www.youtube.com\/v\/aoRtLqSwzpw&amp;hl=es\" wmode=\"transparent\"><\/embed><\/object><\/p>\n<p>Un motor hace girar un eje, y al pulsar cada tecla baja un engranaje que transmite el giro a cada martillo. Al incluir figuras de lego como p\u00fablico y otros elementos decorativos se altera la idea de escala y se invita a jugar  por la relaci\u00f3n a la que estamos acostumbrados ante los juguetes.<\/p>\n<p>Se present\u00f3 en la 20\u00aa exposici\u00f3n de audiovisuales. Bellas Artes UPV\/EHU en diciembre de 2007.<\/p>\n","protected":false},"excerpt":{"rendered":"<p>El proyecto comenz\u00f3 buscando un sonido de tr\u00e9molo sobre teclas de percusi\u00f3n crom\u00e1tica y que tuviese una disposici\u00f3n de las notas no convencional, dificil para melodias pero intuitiva. (Al final, para este proyecto, tuve que renunciar a esa disposici\u00f3n de notas, aunque sigo experimentando con varios sistemas.) Para las dos cuestiones, sonido y disposicion de &hellip; <a href=\"https:\/\/www.unairequejo.com\/blog\/proyecto-del-martillofono\/\" class=\"more-link\">Seguir leyendo <span class=\"screen-reader-text\">Proyecto del Martill\u00f3fono<\/span> <span class=\"meta-nav\">&rarr;<\/span><\/a><\/p>\n","protected":false},"author":1,"featured_media":0,"parent":0,"menu_order":6,"comment_status":"open","ping_status":"open","template":"","meta":[],"_links":{"self":[{"href":"https:\/\/www.unairequejo.com\/blog\/wp-json\/wp\/v2\/pages\/18"}],"collection":[{"href":"https:\/\/www.unairequejo.com\/blog\/wp-json\/wp\/v2\/pages"}],"about":[{"href":"https:\/\/www.unairequejo.com\/blog\/wp-json\/wp\/v2\/types\/page"}],"author":[{"embeddable":true,"href":"https:\/\/www.unairequejo.com\/blog\/wp-json\/wp\/v2\/users\/1"}],"replies":[{"embeddable":true,"href":"https:\/\/www.unairequejo.com\/blog\/wp-json\/wp\/v2\/comments?post=18"}],"version-history":[{"count":1,"href":"https:\/\/www.unairequejo.com\/blog\/wp-json\/wp\/v2\/pages\/18\/revisions"}],"predecessor-version":[{"id":279,"href":"https:\/\/www.unairequejo.com\/blog\/wp-json\/wp\/v2\/pages\/18\/revisions\/279"}],"wp:attachment":[{"href":"https:\/\/www.unairequejo.com\/blog\/wp-json\/wp\/v2\/media?parent=18"}],"curies":[{"name":"wp","href":"https:\/\/api.w.org\/{rel}","templated":true}]}}